{"id":28993,"date":"2022-05-08T18:38:17","date_gmt":"2022-05-08T16:38:17","guid":{"rendered":"https:\/\/democattin.smafe.ch\/?page_id=28993"},"modified":"2026-01-23T10:48:27","modified_gmt":"2026-01-23T10:48:27","slug":"services","status":"publish","type":"page","link":"https:\/\/cattin.swiss\/de\/services\/","title":{"rendered":"Dienste"},"content":{"rendered":"<p>[et_pb_section fb_built=\u00a0\u00bb1&Prime; _builder_version=\u00a0\u00bb4.16&Prime; _module_preset=\u00a0\u00bbdefault\u00a0\u00bb global_colors_info=\u00a0\u00bb{}\u00a0\u00bb][et_pb_row column_structure=\u00a0\u00bb1_2,1_2&Prime; _builder_version=\u00a0\u00bb4.16&Prime; _module_preset=\u00a0\u00bbdefault\u00a0\u00bb global_colors_info=\u00a0\u00bb{}\u00a0\u00bb][et_pb_column type=\u00a0\u00bb1_2&Prime; _builder_version=\u00a0\u00bb4.16&Prime; _module_preset=\u00a0\u00bbdefault\u00a0\u00bb global_colors_info=\u00a0\u00bb{}\u00a0\u00bb][et_pb_image src=\u00a0\u00bbhttps:\/\/democattin.smafe.ch\/wp-content\/uploads\/2022\/05\/specimendrawing.jpg\u00a0\u00bb title_text=\u00a0\u00bbspecimendrawing\u00a0\u00bb _builder_version=\u00a0\u00bb4.16&Prime; _module_preset=\u00a0\u00bbdefault\u00a0\u00bb global_colors_info=\u00a0\u00bb{}\u00a0\u00bb][\/et_pb_image][\/et_pb_column][et_pb_column type=\u00a0\u00bb1_2&Prime; _builder_version=\u00a0\u00bb4.16&Prime; _module_preset=\u00a0\u00bbdefault\u00a0\u00bb global_colors_info=\u00a0\u00bb{}\u00a0\u00bb][et_pb_text _builder_version=\u00a0\u00bb4.27.5&Prime; _module_preset=\u00a0\u00bbdefault\u00a0\u00bb header_font=\u00a0\u00bb|900|||||||\u00a0\u00bb header_text_color=\u00a0\u00bb#07207a\u00a0\u00bb header_font_size=\u00a0\u00bb39px\u00a0\u00bb header_letter_spacing=\u00a0\u00bb2px\u00a0\u00bb hover_enabled=\u00a0\u00bb0&Prime; global_colors_info=\u00a0\u00bb{}\u00a0\u00bb sticky_enabled=\u00a0\u00bb0&Prime;]<\/p>\n<h1>Hand in Hand<\/h1>\n<p>[\/et_pb_text][et_pb_text _builder_version=\u00a0\u00bb4.16&Prime; _module_preset=\u00a0\u00bbdefault\u00a0\u00bb text_font=\u00a0\u00bb||||||||\u00a0\u00bb text_font_size=\u00a0\u00bb20px\u00a0\u00bb text_letter_spacing=\u00a0\u00bb2px\u00a0\u00bb global_colors_info=\u00a0\u00bb{}\u00a0\u00bb]<\/p>\n<p style=\"text-align: justify;\">Jedes Projekt beginnt mit einer Analyse Ihrer Marke, Ihrer W\u00fcnsche und Ihrer Philosophie. Zwei Faktoren gehen Hand in Hand, um Ihr einzigartiges St\u00fcck zu kreieren:<\/p>\n<ul style=\"text-align: justify;\">\n<li style=\"text-align: justify;\">Die technische und visuelle Gestaltung Ihres Uhrenprodukts<\/li>\n<li style=\"text-align: justify;\">Ihre Positionierung auf dem Markt<\/li>\n<\/ul>\n<p style=\"text-align: justify;\">Auf der Grundlage dieser doppelten Voraussetzung realisieren und betreuen die Spezialisten von Cattin Watch S\u00e0rl Ihr Projekt, um gemeinsam Ihre Ziele zu erreichen.<\/p>\n<p>[\/et_pb_text][\/et_pb_column][\/et_pb_row][et_pb_row _builder_version=\u00a0\u00bb4.16&Prime; _module_preset=\u00a0\u00bbdefault\u00a0\u00bb global_colors_info=\u00a0\u00bb{}\u00a0\u00bb][et_pb_column type=\u00a0\u00bb4_4&Prime; _builder_version=\u00a0\u00bb4.16&Prime; _module_preset=\u00a0\u00bbdefault\u00a0\u00bb global_colors_info=\u00a0\u00bb{}\u00a0\u00bb][et_pb_text _builder_version=\u00a0\u00bb4.16&Prime; _module_preset=\u00a0\u00bbdefault\u00a0\u00bb header_font=\u00a0\u00bb|800|||||||\u00a0\u00bb header_text_color=\u00a0\u00bb#07207a\u00a0\u00bb header_font_size=\u00a0\u00bb39px\u00a0\u00bb header_letter_spacing=\u00a0\u00bb2px\u00a0\u00bb global_colors_info=\u00a0\u00bb{}\u00a0\u00bb]<\/p>\n<h1>Die Phasen Ihres Projekts<\/h1>\n<p>[\/et_pb_text][et_pb_text content_tablet=\u00a0\u00bb<\/p>\n<h2 style=\"%22text-align:\" justify;%22><\/h2>\n<table border=\"%221%22\" style=\"%22border-collapse:\" collapse; width: 98.7318%;%22>\n<tbody>\n<tr>\n<td style=\"%22width:\" 5.0562%;%22><strong>Design<\/strong><\/td>\n<td style=\"%22width:\" 140.687%;%22>Durch Brainstorming-Sitzungen und Moodboards mit unserem Designerteam k\u00f6nnen wir Schritt f\u00fcr Schritt das visuelle Erscheinungsbild Ihres Produkts festlegen.<\/td>\n<\/tr>\n<tr>\n<td style=\"%22width:\" 5.0562%;%22><strong>Entwicklung<\/strong><\/td>\n<td style=\"%22width:\" 140.687%;%22>Notre \u00e9quipe d&rsquo;horlogers fabriquent les premiers plans 2D ou 3D de votre produit tout en faisant une analyse technique de faisabilit\u00e9.<\/td>\n<\/tr>\n<tr>\n<td style=\"%22width:\" 5.0562%;%22><strong>Prototyping<\/strong><\/td>\n<td style=\"%22width:\" 140.687%;%22>Nous \u00e9laborons une premi\u00e8re version prototyp\u00e9e de votre produit. Cela inclut le bo\u00eetier, l&rsquo; aiguille, le cadran, le bracelet, etc&#8230;<\/td>\n<\/tr>\n<tr>\n<td style=\"%22width:\" 5.0562%;%22><strong>Cr\u00e9ation<\/strong><\/td>\n<td style=\"%22width:\" 140.687%;%22>Apr\u00e8s approbation, une premi\u00e8re ligne d&rsquo;assemblage est mise en place et le produit est cr\u00e9\u00e9.<\/td>\n<\/tr>\n<tr>\n<td style=\"%22width:\" 5.0562%;%22><strong>Control qualit\u00e9<\/strong><\/td>\n<td style=\"%22width:\" 140.687%;%22>Un control rigoureux sur site est fait sur chaque pi\u00e8ce fabriqu\u00e9e afin de garantir une qualit\u00e9 Swiss Made.<\/td>\n<\/tr>\n<tr>\n<td style=\"%22width:\" 5.0562%;%22><strong>Service Apr\u00e8s-vente<\/strong><\/td>\n<td style=\"%22width:\" 140.687%;%22>Wir k\u00fcmmern uns um die Reparaturen und helfen Ihnen als langfristiger Partner.<\/td>\n<\/tr>\n<\/tbody>\n<\/table>\n<p>\u00a0\u00bb content_phone=\u00a0\u00bb<\/p>\n<p><strong>Design<\/strong><\/p>\n<p>Durch Brainstorming-Sitzungen und Moodboards mit unserem Designerteam k\u00f6nnen wir Schritt f\u00fcr Schritt das visuelle Erscheinungsbild Ihres Produkts festlegen.<\/p>\n<p><strong>Entwicklung<\/strong><\/p>\n<p><strong><\/strong>Unser Team von Uhrmachern fertigt die ersten 2D- oder 3D-Zeichnungen Ihres Produkts an und erstellt gleichzeitig eine technische Machbarkeitsanalyse.<\/p>\n<p><strong>Prototyping<\/strong><\/p>\n<p>Nous \u00e9laborons une premi\u00e8re version prototyp\u00e9e de votre produit. Cela inclut le bo\u00eetier, l&rsquo; aiguille, le mouvement, le cadran, le bracelet, etc.<\/p>\n<p><strong>Produktion<\/strong><\/p>\n<p>Nach der Genehmigung wird eine erste Montagelinie eingerichtet und Ihre Uhr wird produziert.<\/p>\n<p><strong>Qualit\u00e4tskontrolle<\/strong><\/p>\n<p>Jedes hergestellte St\u00fcck wird vor Ort einer strengen Kontrolle unterzogen, um die Swiss-Made-Qualit\u00e4t zu gew\u00e4hrleisten.<\/p>\n<p><strong>Service Apr\u00e8s-vente<\/strong><\/p>\n<p>Wir k\u00fcmmern uns um die Reparaturen und helfen Ihnen als langfristiger Partner.<\/p>\n<p>\u00a0\u00bb content_last_edited=\u00a0\u00bbon|phone\u00a0\u00bb _builder_version=\u00a0\u00bb4.16&Prime; _module_preset=\u00a0\u00bbdefault\u00a0\u00bb text_font=\u00a0\u00bb||||||||\u00a0\u00bb text_font_size=\u00a0\u00bb20px\u00a0\u00bb text_letter_spacing=\u00a0\u00bb2px\u00a0\u00bb header_text_color=\u00a0\u00bb#0C71C3&Prime; header_2_font=\u00a0\u00bb||||||||\u00a0\u00bb global_colors_info=\u00a0\u00bb{}\u00a0\u00bb]<\/p>\n<h2 style=\"text-align: justify;\"><\/h2>\n<table border=\"1\" style=\"border-collapse: collapse; width: 98.7318%;\">\n<tbody>\n<tr>\n<td style=\"width: 5.0562%;\"><strong>Design<\/strong><\/td>\n<td style=\"width: 140.687%;\">Durch Brainstorming-Sitzungen und Moodboards mit unserem Designerteam k\u00f6nnen wir Schritt f\u00fcr Schritt das visuelle Erscheinungsbild Ihres Produkts festlegen.<\/td>\n<\/tr>\n<tr>\n<td style=\"width: 5.0562%;\"><strong>Entwicklung<\/strong><\/td>\n<td style=\"width: 140.687%;\">Unser Team von Uhrmachern fertigt die ersten 2D- oder 3D-Zeichnungen Ihres Produkts an und erstellt gleichzeitig eine technische Machbarkeitsanalyse.<\/td>\n<\/tr>\n<tr>\n<td style=\"width: 5.0562%;\"><strong>Prototyping<\/strong><\/td>\n<td style=\"width: 140.687%;\">Wir erstellen eine erste Prototypversion Ihres Produkts. Dazu geh\u00f6ren das Geh\u00e4use, das Uhrwerk, der Zeiger, das Zifferblatt, das Armband und so weiter.<\/td>\n<\/tr>\n<tr>\n<td style=\"width: 5.0562%;\"><strong>Produktion<\/strong><\/td>\n<td style=\"width: 140.687%;\">Nach der Genehmigung wird eine erste Montagelinie eingerichtet und Ihre Uhr wird produziert.<\/td>\n<\/tr>\n<tr>\n<td style=\"width: 5.0562%;\"><strong>Qualit\u00e4tskontrolle<\/strong><\/td>\n<td style=\"width: 140.687%;\">Jedes hergestellte St\u00fcck wird vor Ort einer strengen Kontrolle unterzogen, um die Swiss-Made-Qualit\u00e4t zu gew\u00e4hrleisten.<\/td>\n<\/tr>\n<tr>\n<td style=\"width: 5.0562%;\"><strong>Service nach dem Verkauf<\/strong><\/td>\n<td style=\"width: 140.687%;\">Wir k\u00fcmmern uns um die Reparaturen und helfen Ihnen als langfristiger Partner.<\/td>\n<\/tr>\n<\/tbody>\n<\/table>\n<p>[\/et_pb_text][et_pb_image src=\u00a0\u00bbhttps:\/\/democattin.smafe.ch\/wp-content\/uploads\/2022\/04\/watchmechanics.jpg\u00a0\u00bb title_text=\u00a0\u00bbwatchmechanics\u00a0\u00bb _builder_version=\u00a0\u00bb4.16&Prime; _module_preset=\u00a0\u00bbdefault\u00a0\u00bb global_colors_info=\u00a0\u00bb{}\u00a0\u00bb][\/et_pb_image][\/et_pb_column][\/et_pb_row][\/et_pb_section][et_pb_section fb_built=\u00a0\u00bb1&Prime; _builder_version=\u00a0\u00bb4.14.7&Prime; _module_preset=\u00a0\u00bbdefault\u00a0\u00bb background_color=\u00a0\u00bb#081340&Prime; global_module=\u00a0\u00bb29002&Prime; saved_tabs=\u00a0\u00bball\u00a0\u00bb global_colors_info=\u00a0\u00bb{}\u00a0\u00bb][et_pb_row _builder_version=\u00a0\u00bb4.16&Prime; _module_preset=\u00a0\u00bbdefault\u00a0\u00bb global_colors_info=\u00a0\u00bb{}\u00a0\u00bb][et_pb_column type=\u00a0\u00bb4_4&Prime; _builder_version=\u00a0\u00bb4.16&Prime; _module_preset=\u00a0\u00bbdefault\u00a0\u00bb global_colors_info=\u00a0\u00bb{}\u00a0\u00bb][et_pb_text _builder_version=\u00a0\u00bb4.27.5&Prime; _module_preset=\u00a0\u00bbdefault\u00a0\u00bb header_font=\u00a0\u00bbAntipasto Pro Regular|900|||||||\u00a0\u00bb header_text_align=\u00a0\u00bbcenter\u00a0\u00bb header_text_color=\u00a0\u00bb#FFFFFF\u00a0\u00bb header_font_size=\u00a0\u00bb39px\u00a0\u00bb header_letter_spacing=\u00a0\u00bb2px\u00a0\u00bb global_colors_info=\u00a0\u00bb{}\u00a0\u00bb]<\/p>\n<h1>N&rsquo;h\u00e9sitez pas<\/h1>\n<p>[\/et_pb_text][et_pb_button button_url=\u00a0\u00bbhttps:\/\/cattin.swiss\/contact\u00a0\u00bb button_text=\u00a0\u00bbContactez-nous\u00a0\u00bb button_alignment=\u00a0\u00bbcenter\u00a0\u00bb _builder_version=\u00a0\u00bb4.16&Prime; _module_preset=\u00a0\u00bbdefault\u00a0\u00bb custom_button=\u00a0\u00bbon\u00a0\u00bb button_text_color=\u00a0\u00bb#042c68&Prime; button_bg_color=\u00a0\u00bb#FFFFFF\u00a0\u00bb button_border_width=\u00a0\u00bb0px\u00a0\u00bb button_border_radius=\u00a0\u00bb0px\u00a0\u00bb global_colors_info=\u00a0\u00bb{}\u00a0\u00bb][\/et_pb_button][\/et_pb_column][\/et_pb_row][\/et_pb_section]<\/p>","protected":false},"excerpt":{"rendered":"<p>Main dans la mainTout projet commence par l&rsquo;analyse de votre marque, de vos envies et de votre philosophie. Deux facteurs vont main dans la main afin de cr\u00e9er votre pi\u00e8ce unique: La conception technique et visuelle de votre produit horloger Votre positionnement sur le march\u00e9 C&rsquo;est sur la base de cette double condition que les [&hellip;]<\/p>","protected":false},"author":1,"featured_media":0,"parent":0,"menu_order":0,"comment_status":"closed","ping_status":"closed","template":"","meta":{"_et_pb_use_builder":"on","_et_pb_old_content":"","_et_gb_content_width":"","footnotes":""},"class_list":["post-28993","page","type-page","status-publish","hentry"],"_links":{"self":[{"href":"https:\/\/cattin.swiss\/de\/wp-json\/wp\/v2\/pages\/28993","targetHints":{"allow":["GET"]}}],"collection":[{"href":"https:\/\/cattin.swiss\/de\/wp-json\/wp\/v2\/pages"}],"about":[{"href":"https:\/\/cattin.swiss\/de\/wp-json\/wp\/v2\/types\/page"}],"author":[{"embeddable":true,"href":"https:\/\/cattin.swiss\/de\/wp-json\/wp\/v2\/users\/1"}],"replies":[{"embeddable":true,"href":"https:\/\/cattin.swiss\/de\/wp-json\/wp\/v2\/comments?post=28993"}],"version-history":[{"count":32,"href":"https:\/\/cattin.swiss\/de\/wp-json\/wp\/v2\/pages\/28993\/revisions"}],"predecessor-version":[{"id":29211,"href":"https:\/\/cattin.swiss\/de\/wp-json\/wp\/v2\/pages\/28993\/revisions\/29211"}],"wp:attachment":[{"href":"https:\/\/cattin.swiss\/de\/wp-json\/wp\/v2\/media?parent=28993"}],"curies":[{"name":"wp","href":"https:\/\/api.w.org\/{rel}","templated":true}]}}